{"id":52,"date":"2026-01-16T21:25:10","date_gmt":"2026-01-16T20:25:10","guid":{"rendered":"https:\/\/www.onsfag.ga\/siteweb\/?page_id=52"},"modified":"2026-01-20T12:16:02","modified_gmt":"2026-01-20T11:16:02","slug":"surete-aeroportuaire","status":"publish","type":"page","link":"https:\/\/www.onsfag.ga\/siteweb\/surete-aeroportuaire\/","title":{"rendered":"S\u00fbret\u00e9 A\u00e9roportuaire"},"content":{"rendered":"","protected":false},"excerpt":{"rendered":"","protected":false},"author":1,"featured_media":0,"parent":0,"menu_order":0,"comment_status":"closed","ping_status":"closed","template":"full-width","meta":{"saved_in_kubio":true,"footnotes":""},"class_list":["post-52","page","type-page","status-publish","hentry"],"kubio_ai_page_context":{"short_desc":"","purpose":"general"},"_links":{"self":[{"href":"https:\/\/www.onsfag.ga\/siteweb\/wp-json\/wp\/v2\/pages\/52","targetHints":{"allow":["GET"]}}],"collection":[{"href":"https:\/\/www.onsfag.ga\/siteweb\/wp-json\/wp\/v2\/pages"}],"about":[{"href":"https:\/\/www.onsfag.ga\/siteweb\/wp-json\/wp\/v2\/types\/page"}],"author":[{"embeddable":true,"href":"https:\/\/www.onsfag.ga\/siteweb\/wp-json\/wp\/v2\/users\/1"}],"replies":[{"embeddable":true,"href":"https:\/\/www.onsfag.ga\/siteweb\/wp-json\/wp\/v2\/comments?post=52"}],"version-history":[{"count":3,"href":"https:\/\/www.onsfag.ga\/siteweb\/wp-json\/wp\/v2\/pages\/52\/revisions"}],"predecessor-version":[{"id":554,"href":"https:\/\/www.onsfag.ga\/siteweb\/wp-json\/wp\/v2\/pages\/52\/revisions\/554"}],"wp:attachment":[{"href":"https:\/\/www.onsfag.ga\/siteweb\/wp-json\/wp\/v2\/media?parent=52"}],"curies":[{"name":"wp","href":"https:\/\/api.w.org\/{rel}","templated":true}]}}